{"id":9053,"date":"2025-12-08T19:21:11","date_gmt":"2025-12-08T22:21:11","guid":{"rendered":"https:\/\/minworkstudio.com\/pagos\/?post_type=product&#038;p=9053"},"modified":"2025-12-08T19:21:11","modified_gmt":"2025-12-08T22:21:11","slug":"taller-en-online-en-vivo-acceso-al-taller-grabado","status":"publish","type":"product","link":"https:\/\/minworkstudio.com\/pagos\/producto\/taller-en-online-en-vivo-acceso-al-taller-grabado\/","title":{"rendered":"Taller en Online en Vivo \/ Acceso al Taller Grabado"},"content":{"rendered":"<p>Este pago te asegura una plaza en un taller online en vivo impartido por Nancydel\u00edz, del equipo de Minwork Studio.<\/p>\n<p>Este taller te ofrece una oportunidad \u00fanica para aprender de un experto en un entorno din\u00e1mico e interactivo. Si no puedes asistir a la sesi\u00f3n en vivo, este pago tambi\u00e9n te da acceso a la grabaci\u00f3n del taller, lo que te permite aprender a tu propio ritmo y repasar conceptos clave seg\u00fan sea necesario.<\/p>\n","protected":false},"excerpt":{"rendered":"<p>Este taller te ofrece una oportunidad \u00fanica para aprender de un experto en un entorno din\u00e1mico e interactivo. Si no puedes asistir a la sesi\u00f3n en vivo, este pago tambi\u00e9n te da acceso a la grabaci\u00f3n del taller, lo que te permite aprender a tu propio ritmo y repasar conceptos clave seg\u00fan sea necesario.<\/p>\n<p><strong>Valor especial para aquellos que hayan sido Clientes de Minwork Studio<\/strong><\/p>\n","protected":false},"featured_media":8559,"template":"","meta":[],"product_brand":[],"product_cat":[74],"product_tag":[],"class_list":{"0":"post-9053","1":"product","2":"type-product","3":"status-publish","4":"has-post-thumbnail","6":"product_cat-talleres-clases","8":"first","9":"instock","10":"sale","11":"virtual","12":"taxable","13":"purchasable","14":"product-type-simple"},"jetpack_sharing_enabled":true,"_links":{"self":[{"href":"https:\/\/minworkstudio.com\/pagos\/wp-json\/wp\/v2\/product\/9053","targetHints":{"allow":["GET"]}}],"collection":[{"href":"https:\/\/minworkstudio.com\/pagos\/wp-json\/wp\/v2\/product"}],"about":[{"href":"https:\/\/minworkstudio.com\/pagos\/wp-json\/wp\/v2\/types\/product"}],"version-history":[{"count":1,"href":"https:\/\/minworkstudio.com\/pagos\/wp-json\/wp\/v2\/product\/9053\/revisions"}],"predecessor-version":[{"id":9054,"href":"https:\/\/minworkstudio.com\/pagos\/wp-json\/wp\/v2\/product\/9053\/revisions\/9054"}],"wp:featuredmedia":[{"embeddable":true,"href":"https:\/\/minworkstudio.com\/pagos\/wp-json\/wp\/v2\/media\/8559"}],"wp:attachment":[{"href":"https:\/\/minworkstudio.com\/pagos\/wp-json\/wp\/v2\/media?parent=9053"}],"wp:term":[{"taxonomy":"product_brand","embeddable":true,"href":"https:\/\/minworkstudio.com\/pagos\/wp-json\/wp\/v2\/product_brand?post=9053"},{"taxonomy":"product_cat","embeddable":true,"href":"https:\/\/minworkstudio.com\/pagos\/wp-json\/wp\/v2\/product_cat?post=9053"},{"taxonomy":"product_tag","embeddable":true,"href":"https:\/\/minworkstudio.com\/pagos\/wp-json\/wp\/v2\/product_tag?post=9053"}],"curies":[{"name":"wp","href":"https:\/\/api.w.org\/{rel}","templated":true}]}}