{"id":9048,"date":"2025-10-18T22:29:37","date_gmt":"2025-10-19T01:29:37","guid":{"rendered":"https:\/\/minworkstudio.com\/pagos\/?post_type=product&#038;p=9048"},"modified":"2025-10-23T03:34:54","modified_gmt":"2025-10-23T06:34:54","slug":"abono-del-50-diseno-de-revista-64-paginas","status":"publish","type":"product","link":"https:\/\/minworkstudio.com\/pagos\/producto\/abono-del-50-diseno-de-revista-64-paginas\/","title":{"rendered":"Abono del 50% Dise\u00f1o de Revista (64 p\u00e1ginas)"},"content":{"rendered":"<p><strong>Servicio basado en la cotizaci\u00f3n:<\/strong><\/p>\n<p><strong><a href=\"https:\/\/drive.google.com\/file\/d\/1-0_3VfTwCO_GS5GD45QMa7RiKO7wfQ07\/view?usp=sharing\">Ver cotizaci\u00f3n #COT251018 &gt;<\/a><\/strong><\/p>\n<p>&nbsp;<\/p>\n","protected":false},"excerpt":{"rendered":"<p><strong>Servicio basado en la cotizaci\u00f3n:<\/strong><\/p>\n<p><strong><a href=\"https:\/\/drive.google.com\/file\/d\/1-0_3VfTwCO_GS5GD45QMa7RiKO7wfQ07\/view?usp=sharing\">Ver cotizaci\u00f3n #COT251018 &gt;<\/a><\/strong><\/p>\n<p>&nbsp;<\/p>\n<p>&nbsp;<\/p>\n","protected":false},"featured_media":8559,"template":"","meta":[],"product_brand":[],"product_cat":[20],"product_tag":[],"class_list":{"0":"post-9048","1":"product","2":"type-product","3":"status-publish","4":"has-post-thumbnail","6":"product_cat-pagos","8":"first","9":"instock","10":"virtual","11":"purchasable","12":"product-type-simple"},"jetpack_sharing_enabled":true,"_links":{"self":[{"href":"https:\/\/minworkstudio.com\/pagos\/wp-json\/wp\/v2\/product\/9048","targetHints":{"allow":["GET"]}}],"collection":[{"href":"https:\/\/minworkstudio.com\/pagos\/wp-json\/wp\/v2\/product"}],"about":[{"href":"https:\/\/minworkstudio.com\/pagos\/wp-json\/wp\/v2\/types\/product"}],"version-history":[{"count":2,"href":"https:\/\/minworkstudio.com\/pagos\/wp-json\/wp\/v2\/product\/9048\/revisions"}],"predecessor-version":[{"id":9050,"href":"https:\/\/minworkstudio.com\/pagos\/wp-json\/wp\/v2\/product\/9048\/revisions\/9050"}],"wp:featuredmedia":[{"embeddable":true,"href":"https:\/\/minworkstudio.com\/pagos\/wp-json\/wp\/v2\/media\/8559"}],"wp:attachment":[{"href":"https:\/\/minworkstudio.com\/pagos\/wp-json\/wp\/v2\/media?parent=9048"}],"wp:term":[{"taxonomy":"product_brand","embeddable":true,"href":"https:\/\/minworkstudio.com\/pagos\/wp-json\/wp\/v2\/product_brand?post=9048"},{"taxonomy":"product_cat","embeddable":true,"href":"https:\/\/minworkstudio.com\/pagos\/wp-json\/wp\/v2\/product_cat?post=9048"},{"taxonomy":"product_tag","embeddable":true,"href":"https:\/\/minworkstudio.com\/pagos\/wp-json\/wp\/v2\/product_tag?post=9048"}],"curies":[{"name":"wp","href":"https:\/\/api.w.org\/{rel}","templated":true}]}}