{"id":8558,"date":"2023-03-15T20:23:43","date_gmt":"2023-03-15T23:23:43","guid":{"rendered":"https:\/\/minworkstudio.com\/pagos\/?post_type=product&#038;p=8558"},"modified":"2023-03-18T18:55:19","modified_gmt":"2023-03-18T21:55:19","slug":"servicio-cotizado-y-aceptado","status":"publish","type":"product","link":"https:\/\/minworkstudio.com\/pagos\/producto\/servicio-cotizado-y-aceptado\/","title":{"rendered":"Pago de servicios"},"content":{"rendered":"<p>Para contratar nuestros servicios, ten como referencia la cotizaci\u00f3n aceptada, <strong>ingresa el monto sin IVA<\/strong> aqu\u00ed y si tienes un descuento que aplicar, ingresa el c\u00f3digo de descuento antes de realizar el pago. (primero a\u00f1ade aqu\u00ed al carrito y luego te llevar\u00e1 a la secci\u00f3n para colocar el c\u00f3digo de descuento)<\/p>\n<p>&nbsp;<\/p>\n","protected":false},"excerpt":{"rendered":"<p>Para contratar nuestros servicios, ten como referencia la cotizaci\u00f3n aceptada, <strong>ingresa el monto sin IVA<\/strong> aqu\u00ed y si tienes un descuento que aplicar, ingresa el c\u00f3digo de descuento antes de realizar el pago. (primero a\u00f1ade aqu\u00ed al carrito y luego te llevar\u00e1 a la secci\u00f3n para colocar el c\u00f3digo de descuento)<\/p>\n<p>&nbsp;<\/p>\n","protected":false},"featured_media":8559,"template":"","meta":[],"product_brand":[],"product_cat":[20],"product_tag":[],"class_list":{"0":"post-8558","1":"product","2":"type-product","3":"status-publish","4":"has-post-thumbnail","6":"product_cat-pagos","8":"first","9":"instock","10":"virtual","11":"sold-individually","12":"taxable","13":"purchasable","14":"product-type-simple"},"jetpack_sharing_enabled":true,"_links":{"self":[{"href":"https:\/\/minworkstudio.com\/pagos\/wp-json\/wp\/v2\/product\/8558","targetHints":{"allow":["GET"]}}],"collection":[{"href":"https:\/\/minworkstudio.com\/pagos\/wp-json\/wp\/v2\/product"}],"about":[{"href":"https:\/\/minworkstudio.com\/pagos\/wp-json\/wp\/v2\/types\/product"}],"version-history":[{"count":2,"href":"https:\/\/minworkstudio.com\/pagos\/wp-json\/wp\/v2\/product\/8558\/revisions"}],"predecessor-version":[{"id":8618,"href":"https:\/\/minworkstudio.com\/pagos\/wp-json\/wp\/v2\/product\/8558\/revisions\/8618"}],"wp:featuredmedia":[{"embeddable":true,"href":"https:\/\/minworkstudio.com\/pagos\/wp-json\/wp\/v2\/media\/8559"}],"wp:attachment":[{"href":"https:\/\/minworkstudio.com\/pagos\/wp-json\/wp\/v2\/media?parent=8558"}],"wp:term":[{"taxonomy":"product_brand","embeddable":true,"href":"https:\/\/minworkstudio.com\/pagos\/wp-json\/wp\/v2\/product_brand?post=8558"},{"taxonomy":"product_cat","embeddable":true,"href":"https:\/\/minworkstudio.com\/pagos\/wp-json\/wp\/v2\/product_cat?post=8558"},{"taxonomy":"product_tag","embeddable":true,"href":"https:\/\/minworkstudio.com\/pagos\/wp-json\/wp\/v2\/product_tag?post=8558"}],"curies":[{"name":"wp","href":"https:\/\/api.w.org\/{rel}","templated":true}]}}