{"id":11,"date":"2023-03-15T17:25:22","date_gmt":"2023-03-15T20:25:22","guid":{"rendered":"https:\/\/minworkstudio.com\/pagos\/carrito\/"},"modified":"2023-04-23T14:57:54","modified_gmt":"2023-04-23T18:57:54","slug":"carrito","status":"publish","type":"page","link":"https:\/\/minworkstudio.com\/pagos\/carrito\/","title":{"rendered":"Carrito"},"content":{"rendered":"\t\t<div data-elementor-type=\"wp-page\" data-elementor-id=\"11\" class=\"elementor elementor-11\" data-elementor-post-type=\"page\">\n\t\t\t\t\t\t<section class=\"wd-negative-gap elementor-section elementor-top-section elementor-element elementor-element-4e8b6cd0 elementor-section-full_width elementor-section-height-default elementor-section-height-default\" data-id=\"4e8b6cd0\" data-element_type=\"section\" data-e-type=\"section\">\n\t\t\t\t\t\t\t<div class=\"elementor-background-overlay\"><\/div>\n\t\t\t\t\t\t\t<div class=\"elementor-container elementor-column-gap-default\">\n\t\t\t\t\t<div class=\"elementor-column elementor-col-100 elementor-top-column elementor-element elementor-element-718a8b27\" data-id=\"718a8b27\" data-element_type=\"column\" data-e-type=\"column\">\n\t\t\t<div class=\"elementor-widget-wrap elementor-element-populated\">\n\t\t\t\t\t\t<div class=\"elementor-element elementor-element-547d382c color-scheme-inherit text-left elementor-widget elementor-widget-text-editor\" data-id=\"547d382c\" data-element_type=\"widget\" data-e-type=\"widget\" data-widget_type=\"text-editor.default\">\n\t\t\t\t<div class=\"elementor-widget-container\">\n\t\t\t\t\t\t\t\t\t<p><strong>\u00a1ATENCI\u00d3N!<\/strong><\/p>\n<ol>\n<li><strong><span style=\"text-decoration: underline;\">S\u00f3lo si desea pagar en moneda de EUR o USD, cambie la moneda con el conversor que est\u00e1 a su izquierda<\/span>. Puede pagar con Paypal si tiene cuenta Paypal o pagar con su tarjeta de cr\u00e9dito o d\u00e9bito en la opci\u00f3n de pago con moneda de EUR o USD.<\/strong><\/li>\n<li><strong>Si no usa ninguno de los m\u00e9todos anteriores o usted se encuentra en Chile, mantenga el monto en la moneda de pesos chilenos (CLP).<\/strong><\/li>\n<\/ol>\t\t\t\t\t\t\t\t<\/div>\n\t\t\t\t<\/div>\n\t\t\t\t\t<\/div>\n\t\t<\/div>\n\t\t\t\t\t<\/div>\n\t\t<\/section>\n\t\t\t\t<section class=\"wd-negative-gap elementor-section elementor-top-section elementor-element elementor-element-40f06ff5 elementor-section-boxed elementor-section-height-default elementor-section-height-default\" data-id=\"40f06ff5\" data-element_type=\"section\" data-e-type=\"section\">\n\t\t\t\t\t\t<div class=\"elementor-container elementor-column-gap-default\">\n\t\t\t\t\t<div class=\"elementor-column elementor-col-100 elementor-top-column elementor-element elementor-element-2582683b\" data-id=\"2582683b\" data-element_type=\"column\" data-e-type=\"column\">\n\t\t\t<div class=\"elementor-widget-wrap elementor-element-populated\">\n\t\t\t\t\t\t<div class=\"elementor-element elementor-element-c8ac2d2 color-scheme-inherit text-left elementor-widget elementor-widget-text-editor\" data-id=\"c8ac2d2\" data-element_type=\"widget\" data-e-type=\"widget\" data-widget_type=\"text-editor.default\">\n\t\t\t\t<div class=\"elementor-widget-container\">\n\t\t\t\t\t\t\t\t\t\t\t\t\t\t\t\t\t<\/div>\n\t\t\t\t<\/div>\n\t\t\t\t\t<\/div>\n\t\t<\/div>\n\t\t\t\t\t<\/div>\n\t\t<\/section>\n\t\t\t\t<\/div>\n\t\t","protected":false},"excerpt":{"rendered":"<p>\u00a1ATENCI\u00d3N! S\u00f3lo si desea pagar en moneda de EUR o USD, cambie la moneda con el conversor que est\u00e1 a<\/p>\n","protected":false},"author":1,"featured_media":0,"parent":0,"menu_order":0,"comment_status":"closed","ping_status":"closed","template":"","meta":{"footnotes":""},"class_list":["post-11","page","type-page","status-publish","hentry"],"jetpack_sharing_enabled":true,"_links":{"self":[{"href":"https:\/\/minworkstudio.com\/pagos\/wp-json\/wp\/v2\/pages\/11","targetHints":{"allow":["GET"]}}],"collection":[{"href":"https:\/\/minworkstudio.com\/pagos\/wp-json\/wp\/v2\/pages"}],"about":[{"href":"https:\/\/minworkstudio.com\/pagos\/wp-json\/wp\/v2\/types\/page"}],"author":[{"embeddable":true,"href":"https:\/\/minworkstudio.com\/pagos\/wp-json\/wp\/v2\/users\/1"}],"replies":[{"embeddable":true,"href":"https:\/\/minworkstudio.com\/pagos\/wp-json\/wp\/v2\/comments?post=11"}],"version-history":[{"count":9,"href":"https:\/\/minworkstudio.com\/pagos\/wp-json\/wp\/v2\/pages\/11\/revisions"}],"predecessor-version":[{"id":8724,"href":"https:\/\/minworkstudio.com\/pagos\/wp-json\/wp\/v2\/pages\/11\/revisions\/8724"}],"wp:attachment":[{"href":"https:\/\/minworkstudio.com\/pagos\/wp-json\/wp\/v2\/media?parent=11"}],"curies":[{"name":"wp","href":"https:\/\/api.w.org\/{rel}","templated":true}]}}